{"id":622,"date":"2024-02-06T13:59:20","date_gmt":"2024-02-06T13:59:20","guid":{"rendered":"https:\/\/przewodnikpoatenach.com\/?page_id=622"},"modified":"2024-04-01T18:00:32","modified_gmt":"2024-04-01T18:00:32","slug":"kuchnia-grecka","status":"publish","type":"page","link":"https:\/\/przewodnikpoatenach.com\/index.php\/kuchnia-grecka\/","title":{"rendered":"Kuchnia Grecka"},"content":{"rendered":"\t\t<div data-elementor-type=\"wp-page\" data-elementor-id=\"622\" class=\"elementor elementor-622\">\n\t\t\t\t\t\t\t\t\t<section class=\"elementor-section elementor-top-section elementor-element elementor-element-30086b42 elementor-section-content-middle elementor-section-stretched elementor-section-full_width elementor-section-height-default elementor-section-height-default\" data-id=\"30086b42\" data-element_type=\"section\" data-settings=\"{&quot;background_background&quot;:&quot;classic&quot;,&quot;stretch_section&quot;:&quot;section-stretched&quot;}\">\n\t\t\t\t\t\t<div class=\"elementor-container elementor-column-gap-no\">\n\t\t\t\t\t<div class=\"elementor-column elementor-col-100 elementor-top-column elementor-element elementor-element-7e8e7ded\" data-id=\"7e8e7ded\" data-element_type=\"column\" data-settings=\"{&quot;background_background&quot;:&quot;classic&quot;}\">\n\t\t\t<div class=\"elementor-widget-wrap elementor-element-populated\">\n\t\t\t\t\t\t\t\t<div class=\"elementor-element elementor-element-16d0f56 elementor-widget elementor-widget-image\" data-id=\"16d0f56\" data-element_type=\"widget\" data-widget_type=\"image.default\">\n\t\t\t\t<div class=\"elementor-widget-container\">\n\t\t\t<style>\/*! elementor - v3.18.0 - 20-12-2023 *\/\n.elementor-widget-image{text-align:center}.elementor-widget-image a{display:inline-block}.elementor-widget-image a img[src$=\".svg\"]{width:48px}.elementor-widget-image img{vertical-align:middle;display:inline-block}<\/style>\t\t\t\t\t\t\t\t\t\t\t\t<img decoding=\"async\" src=\"https:\/\/przewodnikpoatenach.com\/wp-content\/uploads\/elementor\/thumbs\/thumbnail_IMG_8052-qm2x857iw2kfwjjdv5fc149iwogx86ae3eyumvno1c.jpg\" title=\"thumbnail_IMG_8052\" alt=\"thumbnail_IMG_8052\" loading=\"lazy\" \/>\t\t\t\t\t\t\t\t\t\t\t\t\t\t\t<\/div>\n\t\t\t\t<\/div>\n\t\t\t\t<section class=\"elementor-section elementor-inner-section elementor-element elementor-element-3f53dab5 elementor-section-boxed elementor-section-height-default elementor-section-height-default\" data-id=\"3f53dab5\" data-element_type=\"section\">\n\t\t\t\t\t\t<div class=\"elementor-container elementor-column-gap-wider\">\n\t\t\t\t\t<div class=\"elementor-column elementor-col-100 elementor-inner-column elementor-element elementor-element-5b44b8d9\" data-id=\"5b44b8d9\" data-element_type=\"column\" data-settings=\"{&quot;background_background&quot;:&quot;classic&quot;}\">\n\t\t\t<div class=\"elementor-widget-wrap elementor-element-populated\">\n\t\t\t\t\t\t\t\t<div class=\"elementor-element elementor-element-44ba8045 elementor-invisible elementor-widget elementor-widget-heading\" data-id=\"44ba8045\" data-element_type=\"widget\" data-settings=\"{&quot;_animation&quot;:&quot;fadeIn&quot;}\" data-widget_type=\"heading.default\">\n\t\t\t\t<div class=\"elementor-widget-container\">\n\t\t\t<style>\/*! elementor - v3.18.0 - 20-12-2023 *\/\n.elementor-heading-title{padding:0;margin:0;line-height:1}.elementor-widget-heading .elementor-heading-title[class*=elementor-size-]>a{color:inherit;font-size:inherit;line-height:inherit}.elementor-widget-heading .elementor-heading-title.elementor-size-small{font-size:15px}.elementor-widget-heading .elementor-heading-title.elementor-size-medium{font-size:19px}.elementor-widget-heading .elementor-heading-title.elementor-size-large{font-size:29px}.elementor-widget-heading .elementor-heading-title.elementor-size-xl{font-size:39px}.elementor-widget-heading .elementor-heading-title.elementor-size-xxl{font-size:59px}<\/style><h2 class=\"elementor-heading-title elementor-size-xxl\">Kuchnia Grecka<\/h2>\t\t<\/div>\n\t\t\t\t<\/div>\n\t\t\t\t<div class=\"elementor-element elementor-element-2345b59a elementor-widget-divider--view-line elementor-invisible elementor-widget elementor-widget-divider\" data-id=\"2345b59a\" data-element_type=\"widget\" data-settings=\"{&quot;_animation&quot;:&quot;fadeInUp&quot;}\" data-widget_type=\"divider.default\">\n\t\t\t\t<div class=\"elementor-widget-container\">\n\t\t\t<style>\/*! elementor - v3.18.0 - 20-12-2023 *\/\n.elementor-widget-divider{--divider-border-style:none;--divider-border-width:1px;--divider-color:#0c0d0e;--divider-icon-size:20px;--divider-element-spacing:10px;--divider-pattern-height:24px;--divider-pattern-size:20px;--divider-pattern-url:none;--divider-pattern-repeat:repeat-x}.elementor-widget-divider .elementor-divider{display:flex}.elementor-widget-divider .elementor-divider__text{font-size:15px;line-height:1;max-width:95%}.elementor-widget-divider .elementor-divider__element{margin:0 var(--divider-element-spacing);flex-shrink:0}.elementor-widget-divider .elementor-icon{font-size:var(--divider-icon-size)}.elementor-widget-divider .elementor-divider-separator{display:flex;margin:0;direction:ltr}.elementor-widget-divider--view-line_icon .elementor-divider-separator,.elementor-widget-divider--view-line_text .elementor-divider-separator{align-items:center}.elementor-widget-divider--view-line_icon .elementor-divider-separator:after,.elementor-widget-divider--view-line_icon .elementor-divider-separator:before,.elementor-widget-divider--view-line_text .elementor-divider-separator:after,.elementor-widget-divider--view-line_text .elementor-divider-separator:before{display:block;content:\"\";border-bottom:0;flex-grow:1;border-top:var(--divider-border-width) var(--divider-border-style) var(--divider-color)}.elementor-widget-divider--element-align-left .elementor-divider .elementor-divider-separator>.elementor-divider__svg:first-of-type{flex-grow:0;flex-shrink:100}.elementor-widget-divider--element-align-left .elementor-divider-separator:before{content:none}.elementor-widget-divider--element-align-left .elementor-divider__element{margin-left:0}.elementor-widget-divider--element-align-right .elementor-divider .elementor-divider-separator>.elementor-divider__svg:last-of-type{flex-grow:0;flex-shrink:100}.elementor-widget-divider--element-align-right .elementor-divider-separator:after{content:none}.elementor-widget-divider--element-align-right .elementor-divider__element{margin-right:0}.elementor-widget-divider:not(.elementor-widget-divider--view-line_text):not(.elementor-widget-divider--view-line_icon) .elementor-divider-separator{border-top:var(--divider-border-width) var(--divider-border-style) var(--divider-color)}.elementor-widget-divider--separator-type-pattern{--divider-border-style:none}.elementor-widget-divider--separator-type-pattern.elementor-widget-divider--view-line .elementor-divider-separator,.elementor-widget-divider--separator-type-pattern:not(.elementor-widget-divider--view-line) .elementor-divider-separator:after,.elementor-widget-divider--separator-type-pattern:not(.elementor-widget-divider--view-line) .elementor-divider-separator:before,.elementor-widget-divider--separator-type-pattern:not([class*=elementor-widget-divider--view]) .elementor-divider-separator{width:100%;min-height:var(--divider-pattern-height);-webkit-mask-size:var(--divider-pattern-size) 100%;mask-size:var(--divider-pattern-size) 100%;-webkit-mask-repeat:var(--divider-pattern-repeat);mask-repeat:var(--divider-pattern-repeat);background-color:var(--divider-color);-webkit-mask-image:var(--divider-pattern-url);mask-image:var(--divider-pattern-url)}.elementor-widget-divider--no-spacing{--divider-pattern-size:auto}.elementor-widget-divider--bg-round{--divider-pattern-repeat:round}.rtl .elementor-widget-divider .elementor-divider__text{direction:rtl}.e-con-inner>.elementor-widget-divider,.e-con>.elementor-widget-divider{width:var(--container-widget-width,100%);--flex-grow:var(--container-widget-flex-grow)}<\/style>\t\t<div class=\"elementor-divider\">\n\t\t\t<span class=\"elementor-divider-separator\">\n\t\t\t\t\t\t<\/span>\n\t\t<\/div>\n\t\t\t\t<\/div>\n\t\t\t\t<\/div>\n\t\t\t\t<div class=\"elementor-element elementor-element-73ca67fc elementor-widget elementor-widget-text-editor\" data-id=\"73ca67fc\" data-element_type=\"widget\" data-widget_type=\"text-editor.default\">\n\t\t\t\t<div class=\"elementor-widget-container\">\n\t\t\t<style>\/*! elementor - v3.18.0 - 20-12-2023 *\/\n.elementor-widget-text-editor.elementor-drop-cap-view-stacked .elementor-drop-cap{background-color:#69727d;color:#fff}.elementor-widget-text-editor.elementor-drop-cap-view-framed .elementor-drop-cap{color:#69727d;border:3px solid;background-color:transparent}.elementor-widget-text-editor:not(.elementor-drop-cap-view-default) .elementor-drop-cap{margin-top:8px}.elementor-widget-text-editor:not(.elementor-drop-cap-view-default) .elementor-drop-cap-letter{width:1em;height:1em}.elementor-widget-text-editor .elementor-drop-cap{float:left;text-align:center;line-height:1;font-size:50px}.elementor-widget-text-editor .elementor-drop-cap-letter{display:inline-block}<\/style>\t\t\t\t<p>Kuchnia grecka uwa\u017cana jest za jedn\u0105 z najsmaczniejszych i najzdrowszych kuchni \u015bwiata. Jej sekretem s\u0105: klimat i ukszta\u0142towanie geograficzne kraju, a tak\u017ce bogata kulinarna tradycja b\u0119d\u0105ca powodem do dumy..<br aria-hidden=\"true\" \/>Dojrzewaj\u0105ce w s\u0142o\u0144cu owoce i warzywa s\u0105 soczyste i s\u0142odkie, morza otaczaj\u0105ce Grecj\u0119 kryj\u0105 wy\u015bmienite ryby, krewetki, czy o\u015bmiornice, greckie baranina i jagni\u0119cina to klasa sama w sobie.<br aria-hidden=\"true\" \/>Nieod\u0142\u0105cznym sk\u0142adnikiem kuchni greckiej jest oliwa z oliwek, najlepiej ta z pierwszego t\u0142oczenia, g\u0119sta i z\u0142ocista. U\u017cywa si\u0119 jej w naprawd\u0119 olbrzymich ilo\u015bciach. . Cho\u0107 czasami do smakowego zachwytu wystarczy zaledwie \u0142y\u017cka lub dwie \u2013 trzeba zanurzy\u0107 w tej oliwie kawa\u0142ek \u015bwie\u017cego chleba, posypa\u0107 gruboziarnist\u0105 sol\u0105 i zachwyt gwarantowany.<br aria-hidden=\"true\" \/><br aria-hidden=\"true\" \/>O greckiej kuchni mog\u0119 opowiada\u0107 godzinami, mog\u0119 te\u017c pom\u00f3c wybra\u0107 gdzie i co zje\u015b\u0107. Wiem na jej temat sporo, bo<br aria-hidden=\"true\" \/>po pierwsze lubi\u0119 gotowa\u0107 w domu, a po drugie mamy z m\u0119\u017cem restauracj\u0119 w centrum Aten &#8211; Yiantes w dzielnicy Exarchia \u2013 o kt\u00f3rej mo\u017cesz przeczyta\u0107 w ksi\u0105\u017cce \u201eKalimera. Grecka kuchnia rado\u015bci\u201d autorstwa znanego reportera Dionisiosa Sturisa.<br aria-hidden=\"true\" \/>Cz\u0119stymi go\u015b\u0107mi w naszej tawernie s\u0105 polscy i greccy arty\u015bci, aktorzy, pisarze.<br aria-hidden=\"true\" \/>Od ponad dwudziestu lat, w wolnych chwilach pomagam Thanasisowi w jej prowadzeniu, a czasami po prostu id\u0119 do kuchni i gotuj\u0119 razem z naszymi \u015bwietnymi kucharzami. Sprawia mi to wielk\u0105 rado\u015b\u0107.<br aria-hidden=\"true\" \/>Informacje o naszej tawernie i menu mo\u017cna znale\u017a\u0107 na stronie:<br aria-hidden=\"true\" \/><a id=\"LPlnk894672\" href=\"https:\/\/www.facebook.com\/yiantes2000\" target=\"_blank\" rel=\"noopener noreferrer\" data-auth=\"NotApplicable\" data-linkindex=\"0\">https:\/\/www.facebook.com\/yiantes2000<\/a><\/p><p>Ale kuchnia grecka to nie tylko jedzenie \u2013 to tak\u017ce biesiada. Biesiadowanie \u2013 czyli wsp\u00f3lne jedzenie i zabawa &#8211; to jedna z moich ulubionych greckich tradycji. Zwyk\u0142y obiad czy kolacja z rodzin\u0105 czy przyjaci\u00f3\u0142mi cz\u0119sto przeradzaj\u0105 si\u0119 w niezaplanowan\u0105, wielogodzinn\u0105, g\u0142o\u015bn\u0105 celebracj\u0119. Potrafimy bez ko\u0144ca siedzie\u0107 przy stole uginaj\u0105cym si\u0119 od smacznych frykas\u00f3w i uprawia\u0107 narodowy grecki sport \u2013 czyli k\u0142\u00f3ci\u0107 si\u0119 o polityk\u0119. Jedzenie, a tak\u017ce wyborne greckie wina czy inne trunki jak tsipuro czy ouzo, skutecznie \u0142agodz\u0105 te nasze spory i powoduj\u0105, \u017ce rzadko przeradzaj\u0105 si\u0119 one w powa\u017cniejsze awantury.<br aria-hidden=\"true\" \/>Restauracje w Grecji czynne s\u0105 do p\u00f3\u017ana w nocy, szczeg\u00f3lnie w pi\u0105tki i soboty, do ostatniego klienta a dania mo\u017cna zamawia\u0107 a\u017c do dwunastej.<\/p>\t\t\t\t\t\t<\/div>\n\t\t\t\t<\/div>\n\t\t\t\t\t<\/div>\n\t\t<\/div>\n\t\t\t\t\t\t\t<\/div>\n\t\t<\/section>\n\t\t\t\t\t<\/div>\n\t\t<\/div>\n\t\t\t\t\t\t\t<\/div>\n\t\t<\/section>\n\t\t\t\t\t\t\t<\/div>\n\t\t","protected":false},"excerpt":{"rendered":"<p>Kuchnia Grecka Kuchnia grecka uwa\u017cana jest za jedn\u0105 z najsmaczniejszych i najzdrowszych kuchni \u015bwiata. Jej sekretem s\u0105: klimat i ukszta\u0142towanie geograficzne kraju, a tak\u017ce bogata kulinarna tradycja b\u0119d\u0105ca powodem do dumy..Dojrzewaj\u0105ce w s\u0142o\u0144cu owoce i warzywa s\u0105 soczyste i s\u0142odkie, morza otaczaj\u0105ce Grecj\u0119 kryj\u0105 wy\u015bmienite ryby, krewetki, czy o\u015bmiornice, greckie baranina i jagni\u0119cina to klasa [&hellip;]<\/p>\n","protected":false},"author":1,"featured_media":0,"parent":0,"menu_order":0,"comment_status":"closed","ping_status":"closed","template":"","meta":{"footnotes":""},"class_list":["post-622","page","type-page","status-publish","hentry"],"_links":{"self":[{"href":"https:\/\/przewodnikpoatenach.com\/index.php\/wp-json\/wp\/v2\/pages\/622","targetHints":{"allow":["GET"]}}],"collection":[{"href":"https:\/\/przewodnikpoatenach.com\/index.php\/wp-json\/wp\/v2\/pages"}],"about":[{"href":"https:\/\/przewodnikpoatenach.com\/index.php\/wp-json\/wp\/v2\/types\/page"}],"author":[{"embeddable":true,"href":"https:\/\/przewodnikpoatenach.com\/index.php\/wp-json\/wp\/v2\/users\/1"}],"replies":[{"embeddable":true,"href":"https:\/\/przewodnikpoatenach.com\/index.php\/wp-json\/wp\/v2\/comments?post=622"}],"version-history":[{"count":28,"href":"https:\/\/przewodnikpoatenach.com\/index.php\/wp-json\/wp\/v2\/pages\/622\/revisions"}],"predecessor-version":[{"id":1574,"href":"https:\/\/przewodnikpoatenach.com\/index.php\/wp-json\/wp\/v2\/pages\/622\/revisions\/1574"}],"wp:attachment":[{"href":"https:\/\/przewodnikpoatenach.com\/index.php\/wp-json\/wp\/v2\/media?parent=622"}],"curies":[{"name":"wp","href":"https:\/\/api.w.org\/{rel}","templated":true}]}}