{"id":139,"date":"2024-01-25T15:23:26","date_gmt":"2024-01-25T15:23:26","guid":{"rendered":"https:\/\/przewodnikpoatenach.com\/?page_id=139"},"modified":"2024-04-04T08:15:17","modified_gmt":"2024-04-04T08:15:17","slug":"o-mnie","status":"publish","type":"page","link":"https:\/\/przewodnikpoatenach.com\/index.php\/o-mnie\/","title":{"rendered":"O mnie"},"content":{"rendered":"\t\t<div data-elementor-type=\"wp-page\" data-elementor-id=\"139\" class=\"elementor elementor-139\">\n\t\t\t\t\t\t\t\t\t<section class=\"elementor-section elementor-top-section elementor-element elementor-element-30848743 elementor-section-boxed elementor-section-height-default elementor-section-height-default\" data-id=\"30848743\" data-element_type=\"section\" data-settings=\"{&quot;background_background&quot;:&quot;classic&quot;}\">\n\t\t\t\t\t\t\t<div class=\"elementor-background-overlay\"><\/div>\n\t\t\t\t\t\t\t<div class=\"elementor-container elementor-column-gap-default\">\n\t\t\t\t\t<div class=\"elementor-column elementor-col-50 elementor-top-column elementor-element elementor-element-6ee9109a\" data-id=\"6ee9109a\" data-element_type=\"column\">\n\t\t\t<div class=\"elementor-widget-wrap elementor-element-populated\">\n\t\t\t\t\t\t\t\t<section class=\"elementor-section elementor-top-section elementor-element elementor-element-7139b5aa elementor-section-full_width elementor-section-height-default elementor-section-height-default\" data-id=\"7139b5aa\" data-element_type=\"section\" data-settings=\"{&quot;background_background&quot;:&quot;classic&quot;}\">\n\t\t\t\t\t\t<div class=\"elementor-container elementor-column-gap-no\">\n\t\t\t\t\t<div class=\"elementor-column elementor-col-100 elementor-top-column elementor-element elementor-element-6f9d08b9\" data-id=\"6f9d08b9\" data-element_type=\"column\">\n\t\t\t<div class=\"elementor-widget-wrap elementor-element-populated\">\n\t\t\t\t\t\t\t\t<div class=\"elementor-element elementor-element-87df84e elementor-widget elementor-widget-heading\" data-id=\"87df84e\" data-element_type=\"widget\" data-widget_type=\"heading.default\">\n\t\t\t\t<div class=\"elementor-widget-container\">\n\t\t\t<style>\/*! elementor - v3.18.0 - 20-12-2023 *\/\n.elementor-heading-title{padding:0;margin:0;line-height:1}.elementor-widget-heading .elementor-heading-title[class*=elementor-size-]>a{color:inherit;font-size:inherit;line-height:inherit}.elementor-widget-heading .elementor-heading-title.elementor-size-small{font-size:15px}.elementor-widget-heading .elementor-heading-title.elementor-size-medium{font-size:19px}.elementor-widget-heading .elementor-heading-title.elementor-size-large{font-size:29px}.elementor-widget-heading .elementor-heading-title.elementor-size-xl{font-size:39px}.elementor-widget-heading .elementor-heading-title.elementor-size-xxl{font-size:59px}<\/style><h2 class=\"elementor-heading-title elementor-size-default\">Ewa Sakowska<\/h2>\t\t<\/div>\n\t\t\t\t<\/div>\n\t\t\t\t<div class=\"elementor-element elementor-element-dc198f4 elementor-widget elementor-widget-heading\" data-id=\"dc198f4\" data-element_type=\"widget\" data-widget_type=\"heading.default\">\n\t\t\t\t<div class=\"elementor-widget-container\">\n\t\t\t<h2 class=\"elementor-heading-title elementor-size-default\">O mnie <\/h2>\t\t<\/div>\n\t\t\t\t<\/div>\n\t\t\t\t<div class=\"elementor-element elementor-element-6eaab840 elementor-widget elementor-widget-spacer\" data-id=\"6eaab840\" data-element_type=\"widget\" data-widget_type=\"spacer.default\">\n\t\t\t\t<div class=\"elementor-widget-container\">\n\t\t\t<style>\/*! elementor - v3.18.0 - 20-12-2023 *\/\n.elementor-column .elementor-spacer-inner{height:var(--spacer-size)}.e-con{--container-widget-width:100%}.e-con-inner>.elementor-widget-spacer,.e-con>.elementor-widget-spacer{width:var(--container-widget-width,var(--spacer-size));--align-self:var(--container-widget-align-self,initial);--flex-shrink:0}.e-con-inner>.elementor-widget-spacer>.elementor-widget-container,.e-con>.elementor-widget-spacer>.elementor-widget-container{height:100%;width:100%}.e-con-inner>.elementor-widget-spacer>.elementor-widget-container>.elementor-spacer,.e-con>.elementor-widget-spacer>.elementor-widget-container>.elementor-spacer{height:100%}.e-con-inner>.elementor-widget-spacer>.elementor-widget-container>.elementor-spacer>.elementor-spacer-inner,.e-con>.elementor-widget-spacer>.elementor-widget-container>.elementor-spacer>.elementor-spacer-inner{height:var(--container-widget-height,var(--spacer-size))}.e-con-inner>.elementor-widget-spacer.elementor-widget-empty,.e-con>.elementor-widget-spacer.elementor-widget-empty{position:relative;min-height:22px;min-width:22px}.e-con-inner>.elementor-widget-spacer.elementor-widget-empty .elementor-widget-empty-icon,.e-con>.elementor-widget-spacer.elementor-widget-empty .elementor-widget-empty-icon{position:absolute;top:0;bottom:0;left:0;right:0;margin:auto;padding:0;width:22px;height:22px}<\/style>\t\t<div class=\"elementor-spacer\">\n\t\t\t<div class=\"elementor-spacer-inner\"><\/div>\n\t\t<\/div>\n\t\t\t\t<\/div>\n\t\t\t\t<\/div>\n\t\t\t\t<div class=\"elementor-element elementor-element-68eb0d70 elementor-widget elementor-widget-image\" data-id=\"68eb0d70\" data-element_type=\"widget\" data-widget_type=\"image.default\">\n\t\t\t\t<div class=\"elementor-widget-container\">\n\t\t\t<style>\/*! elementor - v3.18.0 - 20-12-2023 *\/\n.elementor-widget-image{text-align:center}.elementor-widget-image a{display:inline-block}.elementor-widget-image a img[src$=\".svg\"]{width:48px}.elementor-widget-image img{vertical-align:middle;display:inline-block}<\/style>\t\t\t\t\t\t\t\t\t\t\t\t<img fetchpriority=\"high\" decoding=\"async\" width=\"2523\" height=\"2560\" src=\"https:\/\/przewodnikpoatenach.com\/wp-content\/uploads\/2024\/03\/IMG_6618-scaled.jpg\" class=\"attachment-full size-full wp-image-711\" alt=\"\" srcset=\"https:\/\/przewodnikpoatenach.com\/wp-content\/uploads\/2024\/03\/IMG_6618-scaled.jpg 2523w, https:\/\/przewodnikpoatenach.com\/wp-content\/uploads\/2024\/03\/IMG_6618-296x300.jpg 296w, https:\/\/przewodnikpoatenach.com\/wp-content\/uploads\/2024\/03\/IMG_6618-1009x1024.jpg 1009w, https:\/\/przewodnikpoatenach.com\/wp-content\/uploads\/2024\/03\/IMG_6618-768x779.jpg 768w, https:\/\/przewodnikpoatenach.com\/wp-content\/uploads\/2024\/03\/IMG_6618-1514x1536.jpg 1514w, https:\/\/przewodnikpoatenach.com\/wp-content\/uploads\/2024\/03\/IMG_6618-2018x2048.jpg 2018w\" sizes=\"(max-width: 2523px) 100vw, 2523px\" \/>\t\t\t\t\t\t\t\t\t\t\t\t\t\t\t<\/div>\n\t\t\t\t<\/div>\n\t\t\t\t\t<\/div>\n\t\t<\/div>\n\t\t\t\t\t\t\t<\/div>\n\t\t<\/section>\n\t\t\t\t\t<\/div>\n\t\t<\/div>\n\t\t\t\t<div class=\"elementor-column elementor-col-50 elementor-top-column elementor-element elementor-element-3d336ad0\" data-id=\"3d336ad0\" data-element_type=\"column\">\n\t\t\t<div class=\"elementor-widget-wrap elementor-element-populated\">\n\t\t\t\t\t\t\t\t<section class=\"elementor-section elementor-inner-section elementor-element elementor-element-3081e7e2 elementor-section-full_width elementor-section-height-default elementor-section-height-default\" data-id=\"3081e7e2\" data-element_type=\"section\" data-settings=\"{&quot;background_background&quot;:&quot;classic&quot;}\">\n\t\t\t\t\t\t<div class=\"elementor-container elementor-column-gap-no\">\n\t\t\t\t\t<div class=\"elementor-column elementor-col-100 elementor-inner-column elementor-element elementor-element-4153635d\" data-id=\"4153635d\" data-element_type=\"column\">\n\t\t\t<div class=\"elementor-widget-wrap elementor-element-populated\">\n\t\t\t\t\t\t\t\t<div class=\"elementor-element elementor-element-1601b4b elementor-widget elementor-widget-text-editor\" data-id=\"1601b4b\" data-element_type=\"widget\" data-widget_type=\"text-editor.default\">\n\t\t\t\t<div class=\"elementor-widget-container\">\n\t\t\t<style>\/*! elementor - v3.18.0 - 20-12-2023 *\/\n.elementor-widget-text-editor.elementor-drop-cap-view-stacked .elementor-drop-cap{background-color:#69727d;color:#fff}.elementor-widget-text-editor.elementor-drop-cap-view-framed .elementor-drop-cap{color:#69727d;border:3px solid;background-color:transparent}.elementor-widget-text-editor:not(.elementor-drop-cap-view-default) .elementor-drop-cap{margin-top:8px}.elementor-widget-text-editor:not(.elementor-drop-cap-view-default) .elementor-drop-cap-letter{width:1em;height:1em}.elementor-widget-text-editor .elementor-drop-cap{float:left;text-align:center;line-height:1;font-size:50px}.elementor-widget-text-editor .elementor-drop-cap-letter{display:inline-block}<\/style>\t\t\t\t\t\t\t\t\t\t<\/div>\n\t\t\t\t<\/div>\n\t\t\t\t<div class=\"elementor-element elementor-element-83d0069 elementor-widget elementor-widget-text-editor\" data-id=\"83d0069\" data-element_type=\"widget\" data-widget_type=\"text-editor.default\">\n\t\t\t\t<div class=\"elementor-widget-container\">\n\t\t\t\t\t\t\t<p><strong>Urodzi\u0142am si\u0119 i wychowa\u0142am w \u0141om\u017cy. <\/strong><\/p><p>Przyjecha\u0142am do Grecji w 1997 roku i niemal od razu zrozumia\u0142am, \u017ce chc\u0119 tu \u017cy\u0107.<\/p><p>Ateny uj\u0119ly mnie energi\u0105, niesamowit\u0105 histori\u0105, \u015bwiat\u0142em, kolorami, go\u015bcinnymi lud\u017ami\u00a0i przepyszn\u0105 kuchni\u0105, wiecznym wibrowaniem \u2013 to miasto, ktore nigdy nie zasypia. W Atenach spotka\u0142am mojego lokalnego m\u0119\u017ca i za\u0142o\u017cy\u0142am \u00a0rodzin\u0119. Chc\u0105c sta\u0107 si\u0119 \u201ecz\u0119\u015bci\u0105\u201d Grecji, uzna\u0142am, \u017ce musz\u0119 nauczy\u0107 si\u0119 greckiego.<\/p><p>Po intensywnym kursie na Uniwersytecie Ate\u0144skim, zapisa\u0142am si\u0119 na wymarzone studia muzealnicze na Uniwersytecie Morza Egejskiego. Wiedza, kt\u00f3r\u0105 wynios\u0142am ze studiow i \u017cyciowe do\u015bwiadczenia popchn\u0119\u0142y mnie w kierunku turystyki i dzielenia si\u0119 z innymi moj\u0105 nieustaj\u0105c\u0105 pasj\u0105 wobec greckiej kultury.<\/p><p>\u017beby m\u00f3c to robi\u0107 zawodowo, zapisa\u0142am si\u0119 do Pa\u0144stwowej Szko\u0142y dla Przewodnik\u00f3w w Atenach i zdoby\u0142am odpowiednie uprawnienia.<\/p><p>Moja licencja pozwala na prac\u0119 w jezyku polskim, greckim i angielskim. W ka\u017cdym z tych j\u0119zyk\u00f3w potrafi\u0119 fascynuj\u0105co opowiada\u0107 o Grecji, jej historii, kulturze, jasnych i ciemnych stronach. Chetni\u0119 podziel\u0119 si\u0119 z Tob\u0105 t\u0105 wiedz\u0105, zabior\u0119 Ci\u0119 w ciekawe miejsca, zaproponuj\u0119 wspania\u0142\u0105 kuchni\u0119 &#8211; m\u00f3j m\u0105\u017c od lat prowadzi popularn\u0105 restauracj\u0119 Yiantes w dzielnicy Eksarchia, jakiego wina spr\u00f3bowa\u0107 i co kupi\u0107 na prezenty. Najcz\u0119\u015bciej \u00a0oprowadzam po Atenach i okolicach \u2013 razem ze mn\u0105 odkryjesz p\u00f3\u0142nocn\u0105 cz\u0119\u015b\u0107 Peloponezu &#8211; Argolid\u0119, Korynt czy Delfy z ich wspania\u0142ymi atrakcjami. Oferuj\u0119 r\u00f3wnie\u017c autorskie wycieczki po p\u00f3\u0142wyspie Attyckim i przyl\u0105dku Sunion.<\/p><p>W mojej pracy najbardziej ceni\u0119 kontakt z lud\u017ami &#8211; przede wszystkim z rodakami, dialog i mo\u017cliwo\u015b\u0107 ci\u0105g\u0142ego dokszta\u0142cania si\u0119. Wszystko to przek\u0142ada si\u0119 na pasj\u0119, kt\u00f3r\u0105 chc\u0119 si\u0119 dzieli\u0107 i zara\u017ca\u0107. Zapraszam na wsp\u00f3lne zwiedzanie Grecji!<\/p>\t\t\t\t\t\t<\/div>\n\t\t\t\t<\/div>\n\t\t\t\t\t<\/div>\n\t\t<\/div>\n\t\t\t\t\t\t\t<\/div>\n\t\t<\/section>\n\t\t\t\t\t<\/div>\n\t\t<\/div>\n\t\t\t\t\t\t\t<\/div>\n\t\t<\/section>\n\t\t\t\t\t\t\t<\/div>\n\t\t","protected":false},"excerpt":{"rendered":"<p>Ewa Sakowska O mnie Urodzi\u0142am si\u0119 i wychowa\u0142am w \u0141om\u017cy. Przyjecha\u0142am do Grecji w 1997 roku i niemal od razu zrozumia\u0142am, \u017ce chc\u0119 tu \u017cy\u0107. Ateny uj\u0119ly mnie energi\u0105, niesamowit\u0105 histori\u0105, \u015bwiat\u0142em, kolorami, go\u015bcinnymi lud\u017ami\u00a0i przepyszn\u0105 kuchni\u0105, wiecznym wibrowaniem \u2013 to miasto, ktore nigdy nie zasypia. W Atenach spotka\u0142am mojego lokalnego m\u0119\u017ca i za\u0142o\u017cy\u0142am \u00a0rodzin\u0119. [&hellip;]<\/p>\n","protected":false},"author":1,"featured_media":0,"parent":0,"menu_order":0,"comment_status":"closed","ping_status":"closed","template":"","meta":{"footnotes":""},"class_list":["post-139","page","type-page","status-publish","hentry"],"_links":{"self":[{"href":"https:\/\/przewodnikpoatenach.com\/index.php\/wp-json\/wp\/v2\/pages\/139","targetHints":{"allow":["GET"]}}],"collection":[{"href":"https:\/\/przewodnikpoatenach.com\/index.php\/wp-json\/wp\/v2\/pages"}],"about":[{"href":"https:\/\/przewodnikpoatenach.com\/index.php\/wp-json\/wp\/v2\/types\/page"}],"author":[{"embeddable":true,"href":"https:\/\/przewodnikpoatenach.com\/index.php\/wp-json\/wp\/v2\/users\/1"}],"replies":[{"embeddable":true,"href":"https:\/\/przewodnikpoatenach.com\/index.php\/wp-json\/wp\/v2\/comments?post=139"}],"version-history":[{"count":55,"href":"https:\/\/przewodnikpoatenach.com\/index.php\/wp-json\/wp\/v2\/pages\/139\/revisions"}],"predecessor-version":[{"id":1722,"href":"https:\/\/przewodnikpoatenach.com\/index.php\/wp-json\/wp\/v2\/pages\/139\/revisions\/1722"}],"wp:attachment":[{"href":"https:\/\/przewodnikpoatenach.com\/index.php\/wp-json\/wp\/v2\/media?parent=139"}],"curies":[{"name":"wp","href":"https:\/\/api.w.org\/{rel}","templated":true}]}}